{"id":11,"date":"2025-01-16T16:51:47","date_gmt":"2025-01-16T16:51:47","guid":{"rendered":"https:\/\/www.improvyourlanguageskills.com\/index.php\/carrito\/"},"modified":"2025-01-27T09:17:09","modified_gmt":"2025-01-27T09:17:09","slug":"carrito","status":"publish","type":"page","link":"https:\/\/www.improvyourlanguageskills.com\/en\/carrito\/","title":{"rendered":"Carrito"},"content":{"rendered":"<p>[et_pb_section fb_built=\u00bb1&#8243; _builder_version=\u00bb4.16&#8243; global_colors_info=\u00bb{}\u00bb][et_pb_row column_structure=\u00bb1_5,1_5,1_5,1_5,1_5&#8243; _builder_version=\u00bb4.27.4&#8243; _module_preset=\u00bbdefault\u00bb width=\u00bb47%\u00bb max_width=\u00bb47%\u00bb hover_enabled=\u00bb0&#8243; global_colors_info=\u00bb{}\u00bb disabled_on=\u00bbon|on|off\u00bb width_last_edited=\u00bbon|tablet\u00bb max_width_last_edited=\u00bbon|phone\u00bb sticky_enabled=\u00bb0&#8243; width_tablet=\u00bb47%\u00bb width_phone=\u00bb47%\u00bb max_width_tablet=\u00bb47%\u00bb max_width_phone=\u00bb47%\u00bb][et_pb_column type=\u00bb1_5&#8243; _builder_version=\u00bb4.27.4&#8243; _module_preset=\u00bbdefault\u00bb global_colors_info=\u00bb{}\u00bb][et_pb_blurb title=\u00bbEscoger el taller\u00bb use_icon=\u00bbon\u00bb font_icon=\u00bb&#x64;||divi||400&#8243; icon_color=\u00bb#FFFFFF\u00bb image_icon_background_color=\u00bb#264653&#8243; image_icon_width=\u00bb60px\u00bb _builder_version=\u00bb4.27.4&#8243; _module_preset=\u00bbdefault\u00bb header_font=\u00bbLato||||||||\u00bb header_font_size=\u00bb19px\u00bb header_line_height=\u00bb1.2em\u00bb text_orientation=\u00bbcenter\u00bb border_radii_image=\u00bbon|40px|40px|40px|40px\u00bb border_width_all_image=\u00bb21px\u00bb border_color_all_image=\u00bb#264653&#8243; global_colors_info=\u00bb{}\u00bb][\/et_pb_blurb][\/et_pb_column][et_pb_column type=\u00bb1_5&#8243; _builder_version=\u00bb4.27.4&#8243; _module_preset=\u00bbdefault\u00bb global_colors_info=\u00bb{}\u00bb][et_pb_icon font_icon=\u00bb&#x35;||divi||400&#8243; _builder_version=\u00bb4.27.4&#8243; _module_preset=\u00bbdefault\u00bb global_colors_info=\u00bb{}\u00bb][\/et_pb_icon][\/et_pb_column][et_pb_column type=\u00bb1_5&#8243; _builder_version=\u00bb4.27.4&#8243; _module_preset=\u00bbdefault\u00bb global_colors_info=\u00bb{}\u00bb][et_pb_blurb title=\u00bbResumen\u00bb use_icon=\u00bbon\u00bb font_icon=\u00bb&#xf06e;||fa||900&#8243; icon_color=\u00bb#FFFFFF\u00bb image_icon_background_color=\u00bb#edbc41&#8243; image_icon_width=\u00bb60px\u00bb _builder_version=\u00bb4.27.4&#8243; _module_preset=\u00bbdefault\u00bb header_font=\u00bbLato|700|||||||\u00bb header_font_size=\u00bb19px\u00bb header_line_height=\u00bb1.2em\u00bb text_orientation=\u00bbcenter\u00bb border_radii_image=\u00bbon|40px|40px|40px|40px\u00bb border_width_all_image=\u00bb21px\u00bb border_color_all_image=\u00bb#edbc41&#8243; global_colors_info=\u00bb{}\u00bb][\/et_pb_blurb][\/et_pb_column][et_pb_column type=\u00bb1_5&#8243; _builder_version=\u00bb4.27.4&#8243; _module_preset=\u00bbdefault\u00bb global_colors_info=\u00bb{}\u00bb][et_pb_icon font_icon=\u00bb&#x35;||divi||400&#8243; _builder_version=\u00bb4.27.4&#8243; _module_preset=\u00bbdefault\u00bb global_colors_info=\u00bb{}\u00bb][\/et_pb_icon][\/et_pb_column][et_pb_column type=\u00bb1_5&#8243; _builder_version=\u00bb4.27.4&#8243; _module_preset=\u00bbdefault\u00bb global_colors_info=\u00bb{}\u00bb][et_pb_blurb title=\u00bbFinalizar la inscripci\u00f3n\u00bb use_icon=\u00bbon\u00bb font_icon=\u00bb&#xf00c;||fa||900&#8243; icon_color=\u00bb#FFFFFF\u00bb image_icon_background_color=\u00bb#edbc41&#8243; image_icon_width=\u00bb60px\u00bb _builder_version=\u00bb4.27.4&#8243; _module_preset=\u00bbdefault\u00bb header_font=\u00bbLato||||||||\u00bb header_font_size=\u00bb19px\u00bb header_line_height=\u00bb1.2em\u00bb text_orientation=\u00bbcenter\u00bb border_radii_image=\u00bbon|40px|40px|40px|40px\u00bb border_width_all_image=\u00bb21px\u00bb border_color_all_image=\u00bb#edbc41&#8243; global_colors_info=\u00bb{}\u00bb][\/et_pb_blurb][\/et_pb_column][\/et_pb_row][et_pb_row _builder_version=\u00bb4.27.4&#8243; background_size=\u00bbinitial\u00bb background_position=\u00bbtop_left\u00bb background_repeat=\u00bbrepeat\u00bb global_colors_info=\u00bb{}\u00bb][et_pb_column type=\u00bb4_4&#8243; _builder_version=\u00bb4.16&#8243; custom_padding=\u00bb|||\u00bb global_colors_info=\u00bb{}\u00bb custom_padding__hover=\u00bb|||\u00bb][et_pb_text _builder_version=\u00bb4.27.4&#8243; _module_preset=\u00bbdefault\u00bb header_3_font=\u00bbRaleway|500|||||||\u00bb header_3_font_size=\u00bb32px\u00bb custom_margin=\u00bb||-4px|||\u00bb global_colors_info=\u00bb{}\u00bb]<\/p>\n<h3>Resumen<\/h3>\n<p>[\/et_pb_text][et_pb_divider color=\u00bb#edbc41&#8243; divider_weight=\u00bb3px\u00bb _builder_version=\u00bb4.27.4&#8243; _module_preset=\u00bbdefault\u00bb width=\u00bb72%\u00bb width_tablet=\u00bb72%\u00bb width_phone=\u00bb72%\u00bb width_last_edited=\u00bbon|phone\u00bb max_width=\u00bb72%\u00bb custom_margin=\u00bb||-6px|||\u00bb global_colors_info=\u00bb{}\u00bb][\/et_pb_divider][et_pb_text _builder_version=\u00bb4.27.4&#8243; _module_preset=\u00bbdefault\u00bb text_font=\u00bbLato||||||||\u00bb text_font_size=\u00bb17px\u00bb header_3_font=\u00bbRaleway||||||||\u00bb header_3_font_size=\u00bb27px\u00bb width=\u00bb72%\u00bb width_tablet=\u00bb72%\u00bb width_phone=\u00bb72%\u00bb width_last_edited=\u00bbon|phone\u00bb max_width=\u00bb74%\u00bb max_width_tablet=\u00bb74%\u00bb max_width_phone=\u00bb74%\u00bb max_width_last_edited=\u00bbon|phone\u00bb custom_margin=\u00bb-4px||-4px|||\u00bb custom_padding=\u00bb||17px|||\u00bb global_colors_info=\u00bb{}\u00bb]<\/p>\n<p style=\"text-align: justify;\">Aqu\u00ed tienes el resumen del taller o los talleres a los que te interesa inscribirte. Si est\u00e1 todo correcto, en el siguiente paso podr\u00e1s introducir tus datos y realizar el pago.<\/p>\n<p>[\/et_pb_text][\/et_pb_column][\/et_pb_row][et_pb_row column_structure=\u00bb3_5,2_5&#8243; _builder_version=\u00bb4.27.4&#8243; background_size=\u00bbinitial\u00bb background_position=\u00bbtop_left\u00bb background_repeat=\u00bbrepeat\u00bb custom_margin=\u00bb-7px|auto||auto||\u00bb custom_padding=\u00bb5px|||||\u00bb global_colors_info=\u00bb{}\u00bb][et_pb_column type=\u00bb3_5&#8243; _builder_version=\u00bb4.16&#8243; custom_padding=\u00bb|||\u00bb global_colors_info=\u00bb{}\u00bb custom_padding__hover=\u00bb|||\u00bb][et_pb_wc_cart_notice _builder_version=\u00bb4.27.4&#8243; custom_button=\u00bbon\u00bb button_text_size=\u00bb18px\u00bb button_text_color=\u00bb#264653&#8243; button_bg_color=\u00bb#f4f1e9&#8243; button_border_color=\u00bb#264653&#8243; button_font=\u00bbLato||||||||\u00bb custom_margin=\u00bb1em|0em|2em|0em|false|false\u00bb global_colors_info=\u00bb{}\u00bb][\/et_pb_wc_cart_notice][et_pb_wc_cart_products placeholder_color=\u00bb#3f3f3f\u00bb show_product_image=\u00bboff\u00bb show_update_cart_button=\u00bboff\u00bb _builder_version=\u00bb4.27.4&#8243; form_field_background_color=\u00bb#f4f1e9&#8243; form_field_custom_margin=\u00bb||0px||false|false\u00bb form_field_custom_padding=\u00bb8px||7px||false|false\u00bb form_field_font=\u00bbLato||||||||\u00bb custom_button=\u00bbon\u00bb button_text_size=\u00bb15px\u00bb button_text_color=\u00bb#FFFFFF\u00bb button_bg_color=\u00bb#edbc41&#8243; button_border_radius=\u00bb10px\u00bb button_icon=\u00bb&#x24;||divi||400&#8243; border_radii_form_field=\u00bbon|7px|7px|7px|7px\u00bb global_colors_info=\u00bb{}\u00bb][\/et_pb_wc_cart_products][\/et_pb_column][et_pb_column type=\u00bb2_5&#8243; _builder_version=\u00bb4.27.4&#8243; _module_preset=\u00bbdefault\u00bb global_colors_info=\u00bb{}\u00bb][et_pb_wc_cart_totals _builder_version=\u00bb4.27.4&#8243; title_font=\u00bbLato||||||||\u00bb custom_button=\u00bbon\u00bb button_text_size=\u00bb19px\u00bb button_text_color=\u00bb#FFFFFF\u00bb button_bg_color=\u00bb#264653&#8243; button_border_color=\u00bb#264653&#8243; button_border_radius=\u00bb10px\u00bb button_font=\u00bbLato||||||||\u00bb button_icon=\u00bb&#x24;||divi||400&#8243; width=\u00bb84%\u00bb global_colors_info=\u00bb{}\u00bb][\/et_pb_wc_cart_totals][\/et_pb_column][\/et_pb_row][\/et_pb_section]<\/p>","protected":false},"excerpt":{"rendered":"<p>ResumenAqu\u00ed tienes el resumen del taller o los talleres a los que te interesa inscribirte. Si est\u00e1 todo correcto, en el siguiente paso podr\u00e1s introducir tus datos y realizar el pago.<\/p>","protected":false},"author":1,"featured_media":0,"parent":0,"menu_order":0,"comment_status":"closed","ping_status":"closed","template":"","meta":{"_et_pb_use_builder":"on","_et_pb_old_content":"<!-- wp:woocommerce\/cart -->\n<div class=\"wp-block-woocommerce-cart alignwide is-loading\"><!-- wp:woocommerce\/filled-cart-block -->\n<div class=\"wp-block-woocommerce-filled-cart-block\"><!-- wp:woocommerce\/cart-items-block -->\n<div class=\"wp-block-woocommerce-cart-items-block\"><!-- wp:woocommerce\/cart-line-items-block -->\n<div class=\"wp-block-woocommerce-cart-line-items-block\"><\/div>\n<!-- \/wp:woocommerce\/cart-line-items-block -->\n\n<!-- wp:woocommerce\/cart-cross-sells-block -->\n<div class=\"wp-block-woocommerce-cart-cross-sells-block\"><!-- wp:heading {\"fontSize\":\"large\"} -->\n<h2 class=\"wp-block-heading has-large-font-size\">Puede que te interese\u2026<\/h2>\n<!-- \/wp:heading -->\n\n<!-- wp:woocommerce\/cart-cross-sells-products-block -->\n<div class=\"wp-block-woocommerce-cart-cross-sells-products-block\"><\/div>\n<!-- \/wp:woocommerce\/cart-cross-sells-products-block --><\/div>\n<!-- \/wp:woocommerce\/cart-cross-sells-block --><\/div>\n<!-- \/wp:woocommerce\/cart-items-block -->\n\n<!-- wp:woocommerce\/cart-totals-block -->\n<div class=\"wp-block-woocommerce-cart-totals-block\"><!-- wp:woocommerce\/cart-order-summary-block -->\n<div class=\"wp-block-woocommerce-cart-order-summary-block\"><!-- wp:woocommerce\/cart-order-summary-heading-block -->\n<div class=\"wp-block-woocommerce-cart-order-summary-heading-block\"><\/div>\n<!-- \/wp:woocommerce\/cart-order-summary-heading-block -->\n\n<!-- wp:woocommerce\/cart-order-summary-coupon-form-block -->\n<div class=\"wp-block-woocommerce-cart-order-summary-coupon-form-block\"><\/div>\n<!-- \/wp:woocommerce\/cart-order-summary-coupon-form-block -->\n\n<!-- wp:woocommerce\/cart-order-summary-subtotal-block -->\n<div class=\"wp-block-woocommerce-cart-order-summary-subtotal-block\"><\/div>\n<!-- \/wp:woocommerce\/cart-order-summary-subtotal-block -->\n\n<!-- wp:woocommerce\/cart-order-summary-fee-block -->\n<div class=\"wp-block-woocommerce-cart-order-summary-fee-block\"><\/div>\n<!-- \/wp:woocommerce\/cart-order-summary-fee-block -->\n\n<!-- wp:woocommerce\/cart-order-summary-discount-block -->\n<div class=\"wp-block-woocommerce-cart-order-summary-discount-block\"><\/div>\n<!-- \/wp:woocommerce\/cart-order-summary-discount-block -->\n\n<!-- wp:woocommerce\/cart-order-summary-shipping-block -->\n<div class=\"wp-block-woocommerce-cart-order-summary-shipping-block\"><\/div>\n<!-- \/wp:woocommerce\/cart-order-summary-shipping-block -->\n\n<!-- wp:woocommerce\/cart-order-summary-taxes-block -->\n<div class=\"wp-block-woocommerce-cart-order-summary-taxes-block\"><\/div>\n<!-- \/wp:woocommerce\/cart-order-summary-taxes-block --><\/div>\n<!-- \/wp:woocommerce\/cart-order-summary-block -->\n\n<!-- wp:woocommerce\/cart-express-payment-block -->\n<div class=\"wp-block-woocommerce-cart-express-payment-block\"><\/div>\n<!-- \/wp:woocommerce\/cart-express-payment-block -->\n\n<!-- wp:woocommerce\/proceed-to-checkout-block -->\n<div class=\"wp-block-woocommerce-proceed-to-checkout-block\"><\/div>\n<!-- \/wp:woocommerce\/proceed-to-checkout-block -->\n\n<!-- wp:woocommerce\/cart-accepted-payment-methods-block -->\n<div class=\"wp-block-woocommerce-cart-accepted-payment-methods-block\"><\/div>\n<!-- \/wp:woocommerce\/cart-accepted-payment-methods-block --><\/div>\n<!-- \/wp:woocommerce\/cart-totals-block --><\/div>\n<!-- \/wp:woocommerce\/filled-cart-block -->\n\n<!-- wp:woocommerce\/empty-cart-block -->\n<div class=\"wp-block-woocommerce-empty-cart-block\"><!-- wp:heading {\"textAlign\":\"center\",\"className\":\"with-empty-cart-icon wc-block-cart__empty-cart__title\"} -->\n<h2 class=\"wp-block-heading has-text-align-center with-empty-cart-icon wc-block-cart__empty-cart__title\">\u00a1Tu carrito est\u00e1 actualmente vac\u00edo!<\/h2>\n<!-- \/wp:heading -->\n\n<!-- wp:separator {\"className\":\"is-style-dots\"} -->\n<hr class=\"wp-block-separator has-alpha-channel-opacity is-style-dots\"\/>\n<!-- \/wp:separator -->\n\n<!-- wp:heading {\"textAlign\":\"center\"} -->\n<h2 class=\"wp-block-heading has-text-align-center\">Nuevo en la tienda<\/h2>\n<!-- \/wp:heading -->\n\n<!-- wp:woocommerce\/product-new {\"columns\":4,\"rows\":1} \/--><\/div>\n<!-- \/wp:woocommerce\/empty-cart-block --><\/div>\n<!-- \/wp:woocommerce\/cart -->","_et_gb_content_width":"","_joinchat":[],"footnotes":""},"class_list":["post-11","page","type-page","status-publish","hentry"],"yoast_head":"<!-- This site is optimized with the Yoast SEO plugin v24.3 - https:\/\/yoast.com\/wordpress\/plugins\/seo\/ -->\n<title>Carrito &#8226; Improv your language skills<\/title>\n<meta name=\"robots\" content=\"index, follow, max-snippet:-1, max-image-preview:large, max-video-preview:-1\" \/>\n<link rel=\"canonical\" href=\"https:\/\/www.improvyourlanguageskills.com\/en\/carrito\/\" \/>\n<meta property=\"og:locale\" content=\"en_GB\" \/>\n<meta property=\"og:type\" content=\"article\" \/>\n<meta property=\"og:title\" content=\"Carrito &#8226; Improv your language skills\" \/>\n<meta property=\"og:description\" content=\"ResumenAqu\u00ed tienes el resumen del taller o los talleres a los que te interesa inscribirte. Si est\u00e1 todo correcto, en el siguiente paso podr\u00e1s introducir tus datos y realizar el pago.\" \/>\n<meta property=\"og:url\" content=\"https:\/\/www.improvyourlanguageskills.com\/en\/carrito\/\" \/>\n<meta property=\"og:site_name\" content=\"Improv your language skills\" \/>\n<meta property=\"article:modified_time\" content=\"2025-01-27T09:17:09+00:00\" \/>\n<meta property=\"og:image\" content=\"https:\/\/www.improvyourlanguageskills.com\/wp-content\/uploads\/2025\/01\/logo-color.png\" \/>\n\t<meta property=\"og:image:width\" content=\"371\" \/>\n\t<meta property=\"og:image:height\" content=\"154\" \/>\n\t<meta property=\"og:image:type\" content=\"image\/png\" \/>\n<meta name=\"twitter:card\" content=\"summary_large_image\" \/>\n<meta name=\"twitter:label1\" content=\"Estimated reading time\" \/>\n\t<meta name=\"twitter:data1\" content=\"4 minutes\" \/>\n<script type=\"application\/ld+json\" class=\"yoast-schema-graph\">{\"@context\":\"https:\/\/schema.org\",\"@graph\":[{\"@type\":\"WebPage\",\"@id\":\"https:\/\/www.improvyourlanguageskills.com\/carrito\/\",\"url\":\"https:\/\/www.improvyourlanguageskills.com\/carrito\/\",\"name\":\"Carrito &#8226; Improv your language skills\",\"isPartOf\":{\"@id\":\"https:\/\/www.improvyourlanguageskills.com\/#website\"},\"datePublished\":\"2025-01-16T16:51:47+00:00\",\"dateModified\":\"2025-01-27T09:17:09+00:00\",\"breadcrumb\":{\"@id\":\"https:\/\/www.improvyourlanguageskills.com\/carrito\/#breadcrumb\"},\"inLanguage\":\"en-GB\",\"potentialAction\":[{\"@type\":\"ReadAction\",\"target\":[\"https:\/\/www.improvyourlanguageskills.com\/carrito\/\"]}]},{\"@type\":\"BreadcrumbList\",\"@id\":\"https:\/\/www.improvyourlanguageskills.com\/carrito\/#breadcrumb\",\"itemListElement\":[{\"@type\":\"ListItem\",\"position\":1,\"name\":\"Portada\",\"item\":\"https:\/\/www.improvyourlanguageskills.com\/\"},{\"@type\":\"ListItem\",\"position\":2,\"name\":\"Carrito\"}]},{\"@type\":\"WebSite\",\"@id\":\"https:\/\/www.improvyourlanguageskills.com\/#website\",\"url\":\"https:\/\/www.improvyourlanguageskills.com\/\",\"name\":\"Improv your language skills\",\"description\":\"Aprende idiomas de forma pr\u00e1ctica y amena.\",\"publisher\":{\"@id\":\"https:\/\/www.improvyourlanguageskills.com\/#\/schema\/person\/6c5800f07aa0462086b750a2df88cfb4\"},\"potentialAction\":[{\"@type\":\"SearchAction\",\"target\":{\"@type\":\"EntryPoint\",\"urlTemplate\":\"https:\/\/www.improvyourlanguageskills.com\/?s={search_term_string}\"},\"query-input\":{\"@type\":\"PropertyValueSpecification\",\"valueRequired\":true,\"valueName\":\"search_term_string\"}}],\"inLanguage\":\"en-GB\"},{\"@type\":[\"Person\",\"Organization\"],\"@id\":\"https:\/\/www.improvyourlanguageskills.com\/#\/schema\/person\/6c5800f07aa0462086b750a2df88cfb4\",\"name\":\"admin\",\"image\":{\"@type\":\"ImageObject\",\"inLanguage\":\"en-GB\",\"@id\":\"https:\/\/www.improvyourlanguageskills.com\/#\/schema\/person\/image\/\",\"url\":\"https:\/\/secure.gravatar.com\/avatar\/7f8d99804bab4673ec9e3353c81d4c58e2f9a96e2a207330465d1a919d3c09cf?s=96&d=mm&r=g\",\"contentUrl\":\"https:\/\/secure.gravatar.com\/avatar\/7f8d99804bab4673ec9e3353c81d4c58e2f9a96e2a207330465d1a919d3c09cf?s=96&d=mm&r=g\",\"caption\":\"admin\"},\"logo\":{\"@id\":\"https:\/\/www.improvyourlanguageskills.com\/#\/schema\/person\/image\/\"},\"sameAs\":[\"https:\/\/www.improvyourlanguageskills.com\"]}]}<\/script>\n<!-- \/ Yoast SEO plugin. -->","yoast_head_json":{"title":"Carrito &#8226; Improv your language skills","robots":{"index":"index","follow":"follow","max-snippet":"max-snippet:-1","max-image-preview":"max-image-preview:large","max-video-preview":"max-video-preview:-1"},"canonical":"https:\/\/www.improvyourlanguageskills.com\/en\/carrito\/","og_locale":"en_GB","og_type":"article","og_title":"Carrito &#8226; Improv your language skills","og_description":"ResumenAqu\u00ed tienes el resumen del taller o los talleres a los que te interesa inscribirte. Si est\u00e1 todo correcto, en el siguiente paso podr\u00e1s introducir tus datos y realizar el pago.","og_url":"https:\/\/www.improvyourlanguageskills.com\/en\/carrito\/","og_site_name":"Improv your language skills","article_modified_time":"2025-01-27T09:17:09+00:00","og_image":[{"width":371,"height":154,"url":"https:\/\/www.improvyourlanguageskills.com\/wp-content\/uploads\/2025\/01\/logo-color.png","type":"image\/png"}],"twitter_card":"summary_large_image","twitter_misc":{"Estimated reading time":"4 minutes"},"schema":{"@context":"https:\/\/schema.org","@graph":[{"@type":"WebPage","@id":"https:\/\/www.improvyourlanguageskills.com\/carrito\/","url":"https:\/\/www.improvyourlanguageskills.com\/carrito\/","name":"Carrito &#8226; Improv your language skills","isPartOf":{"@id":"https:\/\/www.improvyourlanguageskills.com\/#website"},"datePublished":"2025-01-16T16:51:47+00:00","dateModified":"2025-01-27T09:17:09+00:00","breadcrumb":{"@id":"https:\/\/www.improvyourlanguageskills.com\/carrito\/#breadcrumb"},"inLanguage":"en-GB","potentialAction":[{"@type":"ReadAction","target":["https:\/\/www.improvyourlanguageskills.com\/carrito\/"]}]},{"@type":"BreadcrumbList","@id":"https:\/\/www.improvyourlanguageskills.com\/carrito\/#breadcrumb","itemListElement":[{"@type":"ListItem","position":1,"name":"Portada","item":"https:\/\/www.improvyourlanguageskills.com\/"},{"@type":"ListItem","position":2,"name":"Carrito"}]},{"@type":"WebSite","@id":"https:\/\/www.improvyourlanguageskills.com\/#website","url":"https:\/\/www.improvyourlanguageskills.com\/","name":"Improv your language skills","description":"Aprende idiomas de forma pr\u00e1ctica y amena.","publisher":{"@id":"https:\/\/www.improvyourlanguageskills.com\/#\/schema\/person\/6c5800f07aa0462086b750a2df88cfb4"},"potentialAction":[{"@type":"SearchAction","target":{"@type":"EntryPoint","urlTemplate":"https:\/\/www.improvyourlanguageskills.com\/?s={search_term_string}"},"query-input":{"@type":"PropertyValueSpecification","valueRequired":true,"valueName":"search_term_string"}}],"inLanguage":"en-GB"},{"@type":["Person","Organization"],"@id":"https:\/\/www.improvyourlanguageskills.com\/#\/schema\/person\/6c5800f07aa0462086b750a2df88cfb4","name":"admin","image":{"@type":"ImageObject","inLanguage":"en-GB","@id":"https:\/\/www.improvyourlanguageskills.com\/#\/schema\/person\/image\/","url":"https:\/\/secure.gravatar.com\/avatar\/7f8d99804bab4673ec9e3353c81d4c58e2f9a96e2a207330465d1a919d3c09cf?s=96&d=mm&r=g","contentUrl":"https:\/\/secure.gravatar.com\/avatar\/7f8d99804bab4673ec9e3353c81d4c58e2f9a96e2a207330465d1a919d3c09cf?s=96&d=mm&r=g","caption":"admin"},"logo":{"@id":"https:\/\/www.improvyourlanguageskills.com\/#\/schema\/person\/image\/"},"sameAs":["https:\/\/www.improvyourlanguageskills.com"]}]}},"_links":{"self":[{"href":"https:\/\/www.improvyourlanguageskills.com\/en\/wp-json\/wp\/v2\/pages\/11","targetHints":{"allow":["GET"]}}],"collection":[{"href":"https:\/\/www.improvyourlanguageskills.com\/en\/wp-json\/wp\/v2\/pages"}],"about":[{"href":"https:\/\/www.improvyourlanguageskills.com\/en\/wp-json\/wp\/v2\/types\/page"}],"author":[{"embeddable":true,"href":"https:\/\/www.improvyourlanguageskills.com\/en\/wp-json\/wp\/v2\/users\/1"}],"replies":[{"embeddable":true,"href":"https:\/\/www.improvyourlanguageskills.com\/en\/wp-json\/wp\/v2\/comments?post=11"}],"version-history":[{"count":16,"href":"https:\/\/www.improvyourlanguageskills.com\/en\/wp-json\/wp\/v2\/pages\/11\/revisions"}],"predecessor-version":[{"id":289,"href":"https:\/\/www.improvyourlanguageskills.com\/en\/wp-json\/wp\/v2\/pages\/11\/revisions\/289"}],"wp:attachment":[{"href":"https:\/\/www.improvyourlanguageskills.com\/en\/wp-json\/wp\/v2\/media?parent=11"}],"curies":[{"name":"wp","href":"https:\/\/api.w.org\/{rel}","templated":true}]}}