{"id":262,"date":"2025-01-25T19:37:19","date_gmt":"2025-01-25T19:37:19","guid":{"rendered":"https:\/\/www.improvyourlanguageskills.com\/?page_id=262"},"modified":"2025-01-25T19:44:00","modified_gmt":"2025-01-25T19:44:00","slug":"politica-de-cookies","status":"publish","type":"page","link":"https:\/\/www.improvyourlanguageskills.com\/en\/politica-de-cookies\/","title":{"rendered":"Cookies policy"},"content":{"rendered":"<p>By fulfilling the provisions in Article 22.2 of Act 34 of 11 July 2002 on Information Society Services and E-commerce, the Owner informs you that this Website uses cookies and provides details about its data collection policy and the processing of such data.<\/p><p><strong>What are cookies?&nbsp;<\/strong><\/p><p>A cookie is a file that is downloaded onto your computer when you visit certain websites. Cookies allow a website, among other things, to store and retrieve information about your browsing habits and, depending on the information they contain and the way in which you use your computer, they may be used to identify you.<\/p><p><strong>Types of cookies used&nbsp;<\/strong><\/p><p>The Website https:\/\/www.improvyourlanguageskills.com uses the following types of cookies:<\/p><p>&nbsp;Technical cookies: These cookies used by the Website allow registered users to navigate through the restricted area and use its different functions, for example, making a purchase of a Product or Service.<\/p><p>Some cookies are essential for the functioning of the Website, for example, the comment system or the search engine.<\/p><p>Personalisation cookies: These cookies allow users to access the Service with some pre-determined general features based on a series of criteria set by the user, such as the language or type of browser used to connect to this Website.<\/p><p><strong>Deactivating cookies<\/strong><\/p><p>You can accept, block, or delete the cookies installed on your computer through your browser settings.<\/p><p>You will find instructions on how to enable or disable cookies in the most common browsers at the following links.<\/p><p>Firefox: http:\/\/support.mozilla.org\/es\/kb\/habilitar-y-deshabilitar-cookies-que-los-sitios-we<\/p><p>&nbsp;Safari: https:\/\/support.apple.com\/en-gb\/HT201265<\/p><p>Google Chrome: https:\/\/support.google.com\/chrome\/answer\/95647?hl=en<\/p><p><strong>Warning about deleting cookies&nbsp;<\/strong><\/p><p>Parts of this Website may not work properly or its quality may be affected if you delete or block its cookies.<\/p><p><strong>Contact&nbsp;<\/strong><\/p><p>If you have any questions about this Cookie Policy or you want to leave any comments about this Website, you can send an email to the following address: hola@improvyourlanguageskills.com<\/p>","protected":false},"excerpt":{"rendered":"<p>En cumplimiento con lo dispuesto en el art\u00edculo 22.2 de la Ley 34\/2002, de 11 de julio, de Servicios de la Sociedad de la Informaci\u00f3n y de Comercio Electr\u00f3nico, el Titular te informa que este sitio Web utiliza cookies, as\u00ed como sobre su pol\u00edtica de recogida y el tratamiento que hace de las mismas. Qu\u00e9 [&hellip;]<\/p>","protected":false},"author":1,"featured_media":0,"parent":0,"menu_order":0,"comment_status":"closed","ping_status":"closed","template":"","meta":{"_et_pb_use_builder":"off","_et_pb_old_content":"","_et_gb_content_width":"1080","_joinchat":[],"footnotes":""},"class_list":["post-262","page","type-page","status-publish","hentry"],"yoast_head":"<!-- This site is optimized with the Yoast SEO plugin v24.3 - https:\/\/yoast.com\/wordpress\/plugins\/seo\/ -->\n<title>Pol\u00edtica de cookies &#8226; Improv your language skills<\/title>\n<meta name=\"robots\" content=\"index, follow, max-snippet:-1, max-image-preview:large, max-video-preview:-1\" \/>\n<link rel=\"canonical\" href=\"https:\/\/www.improvyourlanguageskills.com\/en\/politica-de-cookies\/\" \/>\n<meta property=\"og:locale\" content=\"en_GB\" \/>\n<meta property=\"og:type\" content=\"article\" \/>\n<meta property=\"og:title\" content=\"Pol\u00edtica de cookies &#8226; Improv your language skills\" \/>\n<meta property=\"og:description\" content=\"En cumplimiento con lo dispuesto en el art\u00edculo 22.2 de la Ley 34\/2002, de 11 de julio, de Servicios de la Sociedad de la Informaci\u00f3n y de Comercio Electr\u00f3nico, el Titular te informa que este sitio Web utiliza cookies, as\u00ed como sobre su pol\u00edtica de recogida y el tratamiento que hace de las mismas. Qu\u00e9 [&hellip;]\" \/>\n<meta property=\"og:url\" content=\"https:\/\/www.improvyourlanguageskills.com\/en\/politica-de-cookies\/\" \/>\n<meta property=\"og:site_name\" content=\"Improv your language skills\" \/>\n<meta property=\"article:modified_time\" content=\"2025-01-25T19:44:00+00:00\" \/>\n<meta property=\"og:image\" content=\"https:\/\/www.improvyourlanguageskills.com\/wp-content\/uploads\/2025\/01\/logo-color.png\" \/>\n\t<meta property=\"og:image:width\" content=\"371\" \/>\n\t<meta property=\"og:image:height\" content=\"154\" \/>\n\t<meta property=\"og:image:type\" content=\"image\/png\" \/>\n<meta name=\"twitter:card\" content=\"summary_large_image\" \/>\n<meta name=\"twitter:label1\" content=\"Estimated reading time\" \/>\n\t<meta name=\"twitter:data1\" content=\"2 minutes\" \/>\n<script type=\"application\/ld+json\" class=\"yoast-schema-graph\">{\"@context\":\"https:\/\/schema.org\",\"@graph\":[{\"@type\":\"WebPage\",\"@id\":\"https:\/\/www.improvyourlanguageskills.com\/politica-de-cookies\/\",\"url\":\"https:\/\/www.improvyourlanguageskills.com\/politica-de-cookies\/\",\"name\":\"Pol\u00edtica de cookies &#8226; Improv your language skills\",\"isPartOf\":{\"@id\":\"https:\/\/www.improvyourlanguageskills.com\/#website\"},\"datePublished\":\"2025-01-25T19:37:19+00:00\",\"dateModified\":\"2025-01-25T19:44:00+00:00\",\"breadcrumb\":{\"@id\":\"https:\/\/www.improvyourlanguageskills.com\/politica-de-cookies\/#breadcrumb\"},\"inLanguage\":\"en-GB\",\"potentialAction\":[{\"@type\":\"ReadAction\",\"target\":[\"https:\/\/www.improvyourlanguageskills.com\/politica-de-cookies\/\"]}]},{\"@type\":\"BreadcrumbList\",\"@id\":\"https:\/\/www.improvyourlanguageskills.com\/politica-de-cookies\/#breadcrumb\",\"itemListElement\":[{\"@type\":\"ListItem\",\"position\":1,\"name\":\"Portada\",\"item\":\"https:\/\/www.improvyourlanguageskills.com\/\"},{\"@type\":\"ListItem\",\"position\":2,\"name\":\"Pol\u00edtica de cookies\"}]},{\"@type\":\"WebSite\",\"@id\":\"https:\/\/www.improvyourlanguageskills.com\/#website\",\"url\":\"https:\/\/www.improvyourlanguageskills.com\/\",\"name\":\"Improv your language skills\",\"description\":\"Aprende idiomas de forma pr\u00e1ctica y amena.\",\"publisher\":{\"@id\":\"https:\/\/www.improvyourlanguageskills.com\/#\/schema\/person\/6c5800f07aa0462086b750a2df88cfb4\"},\"potentialAction\":[{\"@type\":\"SearchAction\",\"target\":{\"@type\":\"EntryPoint\",\"urlTemplate\":\"https:\/\/www.improvyourlanguageskills.com\/?s={search_term_string}\"},\"query-input\":{\"@type\":\"PropertyValueSpecification\",\"valueRequired\":true,\"valueName\":\"search_term_string\"}}],\"inLanguage\":\"en-GB\"},{\"@type\":[\"Person\",\"Organization\"],\"@id\":\"https:\/\/www.improvyourlanguageskills.com\/#\/schema\/person\/6c5800f07aa0462086b750a2df88cfb4\",\"name\":\"admin\",\"image\":{\"@type\":\"ImageObject\",\"inLanguage\":\"en-GB\",\"@id\":\"https:\/\/www.improvyourlanguageskills.com\/#\/schema\/person\/image\/\",\"url\":\"https:\/\/secure.gravatar.com\/avatar\/7f8d99804bab4673ec9e3353c81d4c58e2f9a96e2a207330465d1a919d3c09cf?s=96&d=mm&r=g\",\"contentUrl\":\"https:\/\/secure.gravatar.com\/avatar\/7f8d99804bab4673ec9e3353c81d4c58e2f9a96e2a207330465d1a919d3c09cf?s=96&d=mm&r=g\",\"caption\":\"admin\"},\"logo\":{\"@id\":\"https:\/\/www.improvyourlanguageskills.com\/#\/schema\/person\/image\/\"},\"sameAs\":[\"https:\/\/www.improvyourlanguageskills.com\"]}]}<\/script>\n<!-- \/ Yoast SEO plugin. -->","yoast_head_json":{"title":"Pol\u00edtica de cookies &#8226; Improv your language skills","robots":{"index":"index","follow":"follow","max-snippet":"max-snippet:-1","max-image-preview":"max-image-preview:large","max-video-preview":"max-video-preview:-1"},"canonical":"https:\/\/www.improvyourlanguageskills.com\/en\/politica-de-cookies\/","og_locale":"en_GB","og_type":"article","og_title":"Pol\u00edtica de cookies &#8226; Improv your language skills","og_description":"En cumplimiento con lo dispuesto en el art\u00edculo 22.2 de la Ley 34\/2002, de 11 de julio, de Servicios de la Sociedad de la Informaci\u00f3n y de Comercio Electr\u00f3nico, el Titular te informa que este sitio Web utiliza cookies, as\u00ed como sobre su pol\u00edtica de recogida y el tratamiento que hace de las mismas. Qu\u00e9 [&hellip;]","og_url":"https:\/\/www.improvyourlanguageskills.com\/en\/politica-de-cookies\/","og_site_name":"Improv your language skills","article_modified_time":"2025-01-25T19:44:00+00:00","og_image":[{"width":371,"height":154,"url":"https:\/\/www.improvyourlanguageskills.com\/wp-content\/uploads\/2025\/01\/logo-color.png","type":"image\/png"}],"twitter_card":"summary_large_image","twitter_misc":{"Estimated reading time":"2 minutes"},"schema":{"@context":"https:\/\/schema.org","@graph":[{"@type":"WebPage","@id":"https:\/\/www.improvyourlanguageskills.com\/politica-de-cookies\/","url":"https:\/\/www.improvyourlanguageskills.com\/politica-de-cookies\/","name":"Pol\u00edtica de cookies &#8226; Improv your language skills","isPartOf":{"@id":"https:\/\/www.improvyourlanguageskills.com\/#website"},"datePublished":"2025-01-25T19:37:19+00:00","dateModified":"2025-01-25T19:44:00+00:00","breadcrumb":{"@id":"https:\/\/www.improvyourlanguageskills.com\/politica-de-cookies\/#breadcrumb"},"inLanguage":"en-GB","potentialAction":[{"@type":"ReadAction","target":["https:\/\/www.improvyourlanguageskills.com\/politica-de-cookies\/"]}]},{"@type":"BreadcrumbList","@id":"https:\/\/www.improvyourlanguageskills.com\/politica-de-cookies\/#breadcrumb","itemListElement":[{"@type":"ListItem","position":1,"name":"Portada","item":"https:\/\/www.improvyourlanguageskills.com\/"},{"@type":"ListItem","position":2,"name":"Pol\u00edtica de cookies"}]},{"@type":"WebSite","@id":"https:\/\/www.improvyourlanguageskills.com\/#website","url":"https:\/\/www.improvyourlanguageskills.com\/","name":"Improv your language skills","description":"Aprende idiomas de forma pr\u00e1ctica y amena.","publisher":{"@id":"https:\/\/www.improvyourlanguageskills.com\/#\/schema\/person\/6c5800f07aa0462086b750a2df88cfb4"},"potentialAction":[{"@type":"SearchAction","target":{"@type":"EntryPoint","urlTemplate":"https:\/\/www.improvyourlanguageskills.com\/?s={search_term_string}"},"query-input":{"@type":"PropertyValueSpecification","valueRequired":true,"valueName":"search_term_string"}}],"inLanguage":"en-GB"},{"@type":["Person","Organization"],"@id":"https:\/\/www.improvyourlanguageskills.com\/#\/schema\/person\/6c5800f07aa0462086b750a2df88cfb4","name":"admin","image":{"@type":"ImageObject","inLanguage":"en-GB","@id":"https:\/\/www.improvyourlanguageskills.com\/#\/schema\/person\/image\/","url":"https:\/\/secure.gravatar.com\/avatar\/7f8d99804bab4673ec9e3353c81d4c58e2f9a96e2a207330465d1a919d3c09cf?s=96&d=mm&r=g","contentUrl":"https:\/\/secure.gravatar.com\/avatar\/7f8d99804bab4673ec9e3353c81d4c58e2f9a96e2a207330465d1a919d3c09cf?s=96&d=mm&r=g","caption":"admin"},"logo":{"@id":"https:\/\/www.improvyourlanguageskills.com\/#\/schema\/person\/image\/"},"sameAs":["https:\/\/www.improvyourlanguageskills.com"]}]}},"_links":{"self":[{"href":"https:\/\/www.improvyourlanguageskills.com\/en\/wp-json\/wp\/v2\/pages\/262","targetHints":{"allow":["GET"]}}],"collection":[{"href":"https:\/\/www.improvyourlanguageskills.com\/en\/wp-json\/wp\/v2\/pages"}],"about":[{"href":"https:\/\/www.improvyourlanguageskills.com\/en\/wp-json\/wp\/v2\/types\/page"}],"author":[{"embeddable":true,"href":"https:\/\/www.improvyourlanguageskills.com\/en\/wp-json\/wp\/v2\/users\/1"}],"replies":[{"embeddable":true,"href":"https:\/\/www.improvyourlanguageskills.com\/en\/wp-json\/wp\/v2\/comments?post=262"}],"version-history":[{"count":1,"href":"https:\/\/www.improvyourlanguageskills.com\/en\/wp-json\/wp\/v2\/pages\/262\/revisions"}],"predecessor-version":[{"id":263,"href":"https:\/\/www.improvyourlanguageskills.com\/en\/wp-json\/wp\/v2\/pages\/262\/revisions\/263"}],"wp:attachment":[{"href":"https:\/\/www.improvyourlanguageskills.com\/en\/wp-json\/wp\/v2\/media?parent=262"}],"curies":[{"name":"wp","href":"https:\/\/api.w.org\/{rel}","templated":true}]}}