{"id":3,"date":"2023-01-25T12:32:10","date_gmt":"2023-01-25T12:32:10","guid":{"rendered":"https:\/\/www.improvyourlanguageskills.com\/?page_id=3"},"modified":"2025-04-30T15:04:43","modified_gmt":"2025-04-30T15:04:43","slug":"politica-privacidad","status":"publish","type":"page","link":"https:\/\/www.improvyourlanguageskills.com\/en\/politica-privacidad\/","title":{"rendered":"Privacy policy"},"content":{"rendered":"<p><strong>Privacy policy<\/strong><\/p><p><strong>Non-Disclosure and Data Protection<\/strong><\/p><p>To access and use certain services provided on the Website, it is compulsory to complete a registration form. Failure to provide the personal data required or to accept this data protection policy will result in the User being unable to subscribe to, register for or participate in any promotion for which personal data is required.\n\nPursuant to the provisions in the GDPR, of 27 April 2016, we hereby inform you that the personal data provided as a result of your registration as a User will be incorporated into a file owned by Marina Mart\u00ednez Cu\u00f1ado, and that the security measures stipulated in Royal Decree 1720 of 11 June  2007 have been implemented.<\/p><p><strong>Registration of files and forms<\/strong><\/p><p>To access and use certain services provided on the Website, it is compulsory to complete a registration form. Failure to provide the personal data required or to accept this data protection policy will result in the User being unable to subscribe to, register for or participate in any promotion for which personal data is required.<\/p><p>Pursuant to the provisions in the GDPR, of 27 April 2016, we hereby inform you that the personal data provided as a result of your registration as a User will be incorporated into a file owned by Marina Mart\u00ednez Cu\u00f1ado, and that the security measures stipulated in Royal Decree 1720 of 11 June  2007 have been implemented.<\/p><p><strong>Accuracy and veracity of the data provided<\/strong><\/p><p>The User accepts full liability for the veracity and accuracy of the data provided and Marina Mart\u00ednez Cu\u00f1ado is exempt from any liability in this regard. The User guarantees and shall be held liable in any event for the accuracy, validity and authenticity of the personal data provided and undertakes to keep such data duly updated. The User agrees to provide comprehensive and correct information on registration or subscription forms. Marina Mart\u00ednez Cu\u00f1ado shall not be held liable for the veracity of any information not drawn up by the Company itself and identified as coming from other sources and, therefore, also assumes no liability whatsoever for any possible damage that might be caused by the use of such information. Marina Mart\u00ednez Cu\u00f1ado reserves the right to update, modify and delete the information provided on her web pages and even to limit or deny access to such information. Marina Mart\u00ednez Cu\u00f1ado is exempt from all liability for any damage or harm that the User may suffer as a result of errors, shortcomings or omissions in information provided by Marina Mart\u00ednez Cu\u00f1ado provided that it comes from sources other than Marina Mart\u00ednez Cu\u00f1ado.<\/p><p><strong>Cookies<\/strong><\/p><p>El sitio www.improvyourlanguageskills.com utiliza cookies, considerando tales ficheros f\u00edsicos de informaci\u00f3n alojados en el propio terminal del usuario y sirven para facilitar la navegaci\u00f3n del usuario por el portal. De todas formas, el usuario tiene la posibilidad de configurar el navegador de tal modo que impida la instalaci\u00f3n de estos archivos.<\/p><p><strong>Purposes<\/strong><\/p><p>The purposes of Marina Mart\u00ednez Cu\u00f1ado are to maintain and manage relationships with the Users and to provide information.<\/p><p><strong>Minors<\/strong><\/p><p>Should Marina Mart\u00ednez Cu\u00f1ado provide any service aimed specifically at minors, the Company will request the consent of parents or guardians before collecting or, as the case may be, automatically processing personal data.<\/p><p><strong>Disclosure of data to third parties<\/strong><\/p><p>Marina Mart\u00ednez Cu\u00f1ado undertakes not to disclose any User data to third parties.<\/p><p><strong>Exercise of rights of access, rectification, cancellation and opposition<\/strong><\/p><p>You may send any communications and exercise the rights of access, rectification, erasure, restriction, portability and opposition to the email address info@eleutrad.com. In order to exercise these rights, you must prove your identity to Marina Mart\u00ednez Cu\u00f1ado by sending a photocopy of your Spanish National Identity Document or by any other legally valid means. However, you may modify or rectify your registration data on the Website itself after you identify yourself with your username and password.<\/p><p><strong>Security measures<\/strong><\/p><p>Marina Mart\u00ednez Cu\u00f1ado has implemented the personal data protection security standards required by law and makes every attempt to install any further technical means and measures as may be available to her to prevent the loss, misuse, or manipulation of, or unauthorized access to and theft of the personal data provided. Marina Mart\u00ednez Cu\u00f1ado shall not be held liable for any damage or harm that might arise from interference, omissions, interruptions, computer viruses, telephone malfunctions or disconnections in the course of the operation of this electronic system for reasons not attributable to Marina Mart\u00ednez Cu\u00f1ado; or delays or blockages in the use of this electronic system caused by shortcomings or overloads in telephone lines or overloads at data processing centers, on the Internet or in other electronic systems; or for any damage that may be caused by third parties as a result of unlawful interference beyond the control of Marina Mart\u00ednez Cu\u00f1ado. Notwithstanding the foregoing, the User should be aware that Internet security measures are not infallible.<\/p><p><strong>Acceptance and consent<\/strong><\/p><p>The User declares that he\/she has been informed of the terms and conditions governing personal data protection and hereby accepts and consents to the automatic processing of such data by Marina Mart\u00ednez Cu\u00f1ado, in the way and for the purposes indicated in this Personal Data Protection Policy. Some services provided via the Portal may entail particular terms and conditions with specific provisions with regard to Personal Data protection.<\/p>","protected":false},"excerpt":{"rendered":"<p>Pol\u00edtica de Privacidad Confidencialidad y Protecci\u00f3n de Datos A efecto de lo previsto en RGPD de 27 de abril de 2016, Marina Mart\u00ednez Cu\u00f1ado informa al Usuario de la existencia de un tratamiento automatizado de datos de car\u00e1cter personal creado por y para Marina Mart\u00ednez Cu\u00f1ado y bajo su responsabilidad, con la finalidad de realizar [&hellip;]<\/p>","protected":false},"author":1,"featured_media":0,"parent":0,"menu_order":0,"comment_status":"closed","ping_status":"closed","template":"","meta":{"_et_pb_use_builder":"","_et_pb_old_content":"","_et_gb_content_width":"1080","_joinchat":[],"footnotes":""},"class_list":["post-3","page","type-page","status-publish","hentry"],"yoast_head":"<!-- This site is optimized with the Yoast SEO plugin v24.3 - https:\/\/yoast.com\/wordpress\/plugins\/seo\/ -->\n<title>Pol\u00edtica de privacidad &#8226; Improv your language skills<\/title>\n<meta name=\"robots\" content=\"index, follow, max-snippet:-1, max-image-preview:large, max-video-preview:-1\" \/>\n<link rel=\"canonical\" href=\"https:\/\/www.improvyourlanguageskills.com\/en\/politica-privacidad\/\" \/>\n<meta property=\"og:locale\" content=\"en_GB\" \/>\n<meta property=\"og:type\" content=\"article\" \/>\n<meta property=\"og:title\" content=\"Pol\u00edtica de privacidad &#8226; Improv your language skills\" \/>\n<meta property=\"og:description\" content=\"Pol\u00edtica de Privacidad Confidencialidad y Protecci\u00f3n de Datos A efecto de lo previsto en RGPD de 27 de abril de 2016, Marina Mart\u00ednez Cu\u00f1ado informa al Usuario de la existencia de un tratamiento automatizado de datos de car\u00e1cter personal creado por y para Marina Mart\u00ednez Cu\u00f1ado y bajo su responsabilidad, con la finalidad de realizar [&hellip;]\" \/>\n<meta property=\"og:url\" content=\"https:\/\/www.improvyourlanguageskills.com\/en\/politica-privacidad\/\" \/>\n<meta property=\"og:site_name\" content=\"Improv your language skills\" \/>\n<meta property=\"article:modified_time\" content=\"2025-04-30T15:04:43+00:00\" \/>\n<meta property=\"og:image\" content=\"https:\/\/www.improvyourlanguageskills.com\/wp-content\/uploads\/2025\/01\/logo-color.png\" \/>\n\t<meta property=\"og:image:width\" content=\"371\" \/>\n\t<meta property=\"og:image:height\" content=\"154\" \/>\n\t<meta property=\"og:image:type\" content=\"image\/png\" \/>\n<meta name=\"twitter:card\" content=\"summary_large_image\" \/>\n<meta name=\"twitter:label1\" content=\"Estimated reading time\" \/>\n\t<meta name=\"twitter:data1\" content=\"5 minutes\" \/>\n<script type=\"application\/ld+json\" class=\"yoast-schema-graph\">{\"@context\":\"https:\/\/schema.org\",\"@graph\":[{\"@type\":\"WebPage\",\"@id\":\"https:\/\/www.improvyourlanguageskills.com\/politica-privacidad\/\",\"url\":\"https:\/\/www.improvyourlanguageskills.com\/politica-privacidad\/\",\"name\":\"Pol\u00edtica de privacidad &#8226; Improv your language skills\",\"isPartOf\":{\"@id\":\"https:\/\/www.improvyourlanguageskills.com\/#website\"},\"datePublished\":\"2023-01-25T12:32:10+00:00\",\"dateModified\":\"2025-04-30T15:04:43+00:00\",\"breadcrumb\":{\"@id\":\"https:\/\/www.improvyourlanguageskills.com\/politica-privacidad\/#breadcrumb\"},\"inLanguage\":\"en-GB\",\"potentialAction\":[{\"@type\":\"ReadAction\",\"target\":[\"https:\/\/www.improvyourlanguageskills.com\/politica-privacidad\/\"]}]},{\"@type\":\"BreadcrumbList\",\"@id\":\"https:\/\/www.improvyourlanguageskills.com\/politica-privacidad\/#breadcrumb\",\"itemListElement\":[{\"@type\":\"ListItem\",\"position\":1,\"name\":\"Portada\",\"item\":\"https:\/\/www.improvyourlanguageskills.com\/\"},{\"@type\":\"ListItem\",\"position\":2,\"name\":\"Pol\u00edtica de privacidad\"}]},{\"@type\":\"WebSite\",\"@id\":\"https:\/\/www.improvyourlanguageskills.com\/#website\",\"url\":\"https:\/\/www.improvyourlanguageskills.com\/\",\"name\":\"Improv your language skills\",\"description\":\"Aprende idiomas de forma pr\u00e1ctica y amena.\",\"publisher\":{\"@id\":\"https:\/\/www.improvyourlanguageskills.com\/#\/schema\/person\/6c5800f07aa0462086b750a2df88cfb4\"},\"potentialAction\":[{\"@type\":\"SearchAction\",\"target\":{\"@type\":\"EntryPoint\",\"urlTemplate\":\"https:\/\/www.improvyourlanguageskills.com\/?s={search_term_string}\"},\"query-input\":{\"@type\":\"PropertyValueSpecification\",\"valueRequired\":true,\"valueName\":\"search_term_string\"}}],\"inLanguage\":\"en-GB\"},{\"@type\":[\"Person\",\"Organization\"],\"@id\":\"https:\/\/www.improvyourlanguageskills.com\/#\/schema\/person\/6c5800f07aa0462086b750a2df88cfb4\",\"name\":\"admin\",\"image\":{\"@type\":\"ImageObject\",\"inLanguage\":\"en-GB\",\"@id\":\"https:\/\/www.improvyourlanguageskills.com\/#\/schema\/person\/image\/\",\"url\":\"https:\/\/secure.gravatar.com\/avatar\/7f8d99804bab4673ec9e3353c81d4c58e2f9a96e2a207330465d1a919d3c09cf?s=96&d=mm&r=g\",\"contentUrl\":\"https:\/\/secure.gravatar.com\/avatar\/7f8d99804bab4673ec9e3353c81d4c58e2f9a96e2a207330465d1a919d3c09cf?s=96&d=mm&r=g\",\"caption\":\"admin\"},\"logo\":{\"@id\":\"https:\/\/www.improvyourlanguageskills.com\/#\/schema\/person\/image\/\"},\"sameAs\":[\"https:\/\/www.improvyourlanguageskills.com\"]}]}<\/script>\n<!-- \/ Yoast SEO plugin. -->","yoast_head_json":{"title":"Pol\u00edtica de privacidad &#8226; Improv your language skills","robots":{"index":"index","follow":"follow","max-snippet":"max-snippet:-1","max-image-preview":"max-image-preview:large","max-video-preview":"max-video-preview:-1"},"canonical":"https:\/\/www.improvyourlanguageskills.com\/en\/politica-privacidad\/","og_locale":"en_GB","og_type":"article","og_title":"Pol\u00edtica de privacidad &#8226; Improv your language skills","og_description":"Pol\u00edtica de Privacidad Confidencialidad y Protecci\u00f3n de Datos A efecto de lo previsto en RGPD de 27 de abril de 2016, Marina Mart\u00ednez Cu\u00f1ado informa al Usuario de la existencia de un tratamiento automatizado de datos de car\u00e1cter personal creado por y para Marina Mart\u00ednez Cu\u00f1ado y bajo su responsabilidad, con la finalidad de realizar [&hellip;]","og_url":"https:\/\/www.improvyourlanguageskills.com\/en\/politica-privacidad\/","og_site_name":"Improv your language skills","article_modified_time":"2025-04-30T15:04:43+00:00","og_image":[{"width":371,"height":154,"url":"https:\/\/www.improvyourlanguageskills.com\/wp-content\/uploads\/2025\/01\/logo-color.png","type":"image\/png"}],"twitter_card":"summary_large_image","twitter_misc":{"Estimated reading time":"5 minutes"},"schema":{"@context":"https:\/\/schema.org","@graph":[{"@type":"WebPage","@id":"https:\/\/www.improvyourlanguageskills.com\/politica-privacidad\/","url":"https:\/\/www.improvyourlanguageskills.com\/politica-privacidad\/","name":"Pol\u00edtica de privacidad &#8226; Improv your language skills","isPartOf":{"@id":"https:\/\/www.improvyourlanguageskills.com\/#website"},"datePublished":"2023-01-25T12:32:10+00:00","dateModified":"2025-04-30T15:04:43+00:00","breadcrumb":{"@id":"https:\/\/www.improvyourlanguageskills.com\/politica-privacidad\/#breadcrumb"},"inLanguage":"en-GB","potentialAction":[{"@type":"ReadAction","target":["https:\/\/www.improvyourlanguageskills.com\/politica-privacidad\/"]}]},{"@type":"BreadcrumbList","@id":"https:\/\/www.improvyourlanguageskills.com\/politica-privacidad\/#breadcrumb","itemListElement":[{"@type":"ListItem","position":1,"name":"Portada","item":"https:\/\/www.improvyourlanguageskills.com\/"},{"@type":"ListItem","position":2,"name":"Pol\u00edtica de privacidad"}]},{"@type":"WebSite","@id":"https:\/\/www.improvyourlanguageskills.com\/#website","url":"https:\/\/www.improvyourlanguageskills.com\/","name":"Improv your language skills","description":"Aprende idiomas de forma pr\u00e1ctica y amena.","publisher":{"@id":"https:\/\/www.improvyourlanguageskills.com\/#\/schema\/person\/6c5800f07aa0462086b750a2df88cfb4"},"potentialAction":[{"@type":"SearchAction","target":{"@type":"EntryPoint","urlTemplate":"https:\/\/www.improvyourlanguageskills.com\/?s={search_term_string}"},"query-input":{"@type":"PropertyValueSpecification","valueRequired":true,"valueName":"search_term_string"}}],"inLanguage":"en-GB"},{"@type":["Person","Organization"],"@id":"https:\/\/www.improvyourlanguageskills.com\/#\/schema\/person\/6c5800f07aa0462086b750a2df88cfb4","name":"admin","image":{"@type":"ImageObject","inLanguage":"en-GB","@id":"https:\/\/www.improvyourlanguageskills.com\/#\/schema\/person\/image\/","url":"https:\/\/secure.gravatar.com\/avatar\/7f8d99804bab4673ec9e3353c81d4c58e2f9a96e2a207330465d1a919d3c09cf?s=96&d=mm&r=g","contentUrl":"https:\/\/secure.gravatar.com\/avatar\/7f8d99804bab4673ec9e3353c81d4c58e2f9a96e2a207330465d1a919d3c09cf?s=96&d=mm&r=g","caption":"admin"},"logo":{"@id":"https:\/\/www.improvyourlanguageskills.com\/#\/schema\/person\/image\/"},"sameAs":["https:\/\/www.improvyourlanguageskills.com"]}]}},"_links":{"self":[{"href":"https:\/\/www.improvyourlanguageskills.com\/en\/wp-json\/wp\/v2\/pages\/3","targetHints":{"allow":["GET"]}}],"collection":[{"href":"https:\/\/www.improvyourlanguageskills.com\/en\/wp-json\/wp\/v2\/pages"}],"about":[{"href":"https:\/\/www.improvyourlanguageskills.com\/en\/wp-json\/wp\/v2\/types\/page"}],"author":[{"embeddable":true,"href":"https:\/\/www.improvyourlanguageskills.com\/en\/wp-json\/wp\/v2\/users\/1"}],"replies":[{"embeddable":true,"href":"https:\/\/www.improvyourlanguageskills.com\/en\/wp-json\/wp\/v2\/comments?post=3"}],"version-history":[{"count":3,"href":"https:\/\/www.improvyourlanguageskills.com\/en\/wp-json\/wp\/v2\/pages\/3\/revisions"}],"predecessor-version":[{"id":517,"href":"https:\/\/www.improvyourlanguageskills.com\/en\/wp-json\/wp\/v2\/pages\/3\/revisions\/517"}],"wp:attachment":[{"href":"https:\/\/www.improvyourlanguageskills.com\/en\/wp-json\/wp\/v2\/media?parent=3"}],"curies":[{"name":"wp","href":"https:\/\/api.w.org\/{rel}","templated":true}]}}